{"id":2453,"date":"2022-03-28T15:38:11","date_gmt":"2022-03-28T18:38:11","guid":{"rendered":"https:\/\/mademoisellevoss.com\/?post_type=product&#038;p=2453"},"modified":"2025-12-04T18:59:42","modified_gmt":"2025-12-04T21:59:42","slug":"natureza-selvagem","status":"publish","type":"product","link":"https:\/\/mademoisellevoss.com\/en\/product\/natureza-selvagem\/","title":{"rendered":"Natureza selvagem"},"content":{"rendered":"<p><strong>Composi\u00e7\u00e3o da pe\u00e7a:<\/strong><\/p>\n<p><strong>Renda:<\/strong> 90% Poliamida, 10% elastano.<\/p>","protected":false},"excerpt":{"rendered":"<p>Modelo de suti\u00e3 <em>quarter-cup<\/em> desenhado com linhas ousadas que valorizam os seios criando uma rica moldura para suas formas. Esta pe\u00e7a \u00e9 confeccionada em renda com detalhes de aplica\u00e7\u00e3o de guipir exclusivo contornando a linha inferior dos seios, al\u00e7as em estilo nadador e fecho posterior regul\u00e1vel com banho de ouro ros\u00ea 24k. O conjunto acompanha calcinha em modelo fantasia com abertura na parte inferior e parte posterior regul\u00e1vel.<\/p>","protected":false},"featured_media":2457,"comment_status":"open","ping_status":"closed","template":"","meta":{"ocean_post_layout":"","ocean_both_sidebars_style":"","ocean_both_sidebars_content_width":0,"ocean_both_sidebars_sidebars_width":0,"ocean_sidebar":"","ocean_second_sidebar":"","ocean_disable_margins":"enable","ocean_add_body_class":"","ocean_shortcode_before_top_bar":"","ocean_shortcode_after_top_bar":"","ocean_shortcode_before_header":"","ocean_shortcode_after_header":"","ocean_has_shortcode":"","ocean_shortcode_after_title":"","ocean_shortcode_before_footer_widgets":"","ocean_shortcode_after_footer_widgets":"","ocean_shortcode_before_footer_bottom":"","ocean_shortcode_after_footer_bottom":"","ocean_display_top_bar":"default","ocean_display_header":"default","ocean_header_style":"","ocean_center_header_left_menu":"","ocean_custom_header_template":"","ocean_custom_logo":0,"ocean_custom_retina_logo":0,"ocean_custom_logo_max_width":0,"ocean_custom_logo_tablet_max_width":0,"ocean_custom_logo_mobile_max_width":0,"ocean_custom_logo_max_height":0,"ocean_custom_logo_tablet_max_height":0,"ocean_custom_logo_mobile_max_height":0,"ocean_header_custom_menu":"","ocean_menu_typo_font_family":"","ocean_menu_typo_font_subset":"","ocean_menu_typo_font_size":0,"ocean_menu_typo_font_size_tablet":0,"ocean_menu_typo_font_size_mobile":0,"ocean_menu_typo_font_size_unit":"px","ocean_menu_typo_font_weight":"","ocean_menu_typo_font_weight_tablet":"","ocean_menu_typo_font_weight_mobile":"","ocean_menu_typo_transform":"","ocean_menu_typo_transform_tablet":"","ocean_menu_typo_transform_mobile":"","ocean_menu_typo_line_height":0,"ocean_menu_typo_line_height_tablet":0,"ocean_menu_typo_line_height_mobile":0,"ocean_menu_typo_line_height_unit":"","ocean_menu_typo_spacing":0,"ocean_menu_typo_spacing_tablet":0,"ocean_menu_typo_spacing_mobile":0,"ocean_menu_typo_spacing_unit":"","ocean_menu_link_color":"","ocean_menu_link_color_hover":"","ocean_menu_link_color_active":"","ocean_menu_link_background":"","ocean_menu_link_hover_background":"","ocean_menu_link_active_background":"","ocean_menu_social_links_bg":"","ocean_menu_social_hover_links_bg":"","ocean_menu_social_links_color":"","ocean_menu_social_hover_links_color":"","ocean_disable_title":"default","ocean_disable_heading":"default","ocean_post_title":"","ocean_post_subheading":"","ocean_post_title_style":"","ocean_post_title_background_color":"","ocean_post_title_background":0,"ocean_post_title_bg_image_position":"","ocean_post_title_bg_image_attachment":"","ocean_post_title_bg_image_repeat":"","ocean_post_title_bg_image_size":"","ocean_post_title_height":0,"ocean_post_title_bg_overlay":0.5,"ocean_post_title_bg_overlay_color":"","ocean_disable_breadcrumbs":"default","ocean_breadcrumbs_color":"","ocean_breadcrumbs_separator_color":"","ocean_breadcrumbs_links_color":"","ocean_breadcrumbs_links_hover_color":"","ocean_display_footer_widgets":"default","ocean_display_footer_bottom":"default","ocean_custom_footer_template":""},"product_brand":[],"product_cat":[85,84],"product_tag":[],"class_list":{"0":"post-2453","1":"product","2":"type-product","3":"status-publish","4":"has-post-thumbnail","6":"product_cat-calcinhas","7":"product_cat-sutias","8":"pa_tamanho-no-75","9":"pa_tamanho-no-76","10":"pa_tamanho-no-77","12":"entry","13":"has-media","15":"first","16":"instock","17":"featured","18":"shipping-taxable","19":"purchasable","20":"product-type-variable","21":"col","22":"span_1_of_3","23":"owp-content-left","24":"owp-thumbs-layout-vertical","25":"owp-btn-normal","26":"owp-tabs-layout-vertical"},"_links":{"self":[{"href":"https:\/\/mademoisellevoss.com\/en\/wp-json\/wp\/v2\/product\/2453","targetHints":{"allow":["GET"]}}],"collection":[{"href":"https:\/\/mademoisellevoss.com\/en\/wp-json\/wp\/v2\/product"}],"about":[{"href":"https:\/\/mademoisellevoss.com\/en\/wp-json\/wp\/v2\/types\/product"}],"replies":[{"embeddable":true,"href":"https:\/\/mademoisellevoss.com\/en\/wp-json\/wp\/v2\/comments?post=2453"}],"wp:featuredmedia":[{"embeddable":true,"href":"https:\/\/mademoisellevoss.com\/en\/wp-json\/wp\/v2\/media\/2457"}],"wp:attachment":[{"href":"https:\/\/mademoisellevoss.com\/en\/wp-json\/wp\/v2\/media?parent=2453"}],"wp:term":[{"taxonomy":"product_brand","embeddable":true,"href":"https:\/\/mademoisellevoss.com\/en\/wp-json\/wp\/v2\/product_brand?post=2453"},{"taxonomy":"product_cat","embeddable":true,"href":"https:\/\/mademoisellevoss.com\/en\/wp-json\/wp\/v2\/product_cat?post=2453"},{"taxonomy":"product_tag","embeddable":true,"href":"https:\/\/mademoisellevoss.com\/en\/wp-json\/wp\/v2\/product_tag?post=2453"}],"curies":[{"name":"wp","href":"https:\/\/api.w.org\/{rel}","templated":true}]}}