{"id":2007,"date":"2022-03-18T16:58:23","date_gmt":"2022-03-18T19:58:23","guid":{"rendered":"https:\/\/mademoisellevoss.com\/?page_id=2007"},"modified":"2024-12-16T15:15:21","modified_gmt":"2024-12-16T18:15:21","slug":"a-casa-mademoiselle-voss","status":"publish","type":"page","link":"https:\/\/mademoisellevoss.com\/en\/a-casa-mademoiselle-voss\/","title":{"rendered":"A casa Mademoiselle Voss"},"content":{"rendered":"<div data-elementor-type=\"wp-page\" data-elementor-id=\"2007\" class=\"elementor elementor-2007\" data-elementor-post-type=\"page\">\n\t\t\t\t\t\t<section class=\"elementor-section elementor-top-section elementor-element elementor-element-1f98b80 elementor-section-full_width elementor-section-height-default elementor-section-height-default\" data-id=\"1f98b80\" data-element_type=\"section\" data-settings=\"{&quot;background_background&quot;:&quot;classic&quot;}\">\n\t\t\t\t\t\t<div class=\"elementor-container elementor-column-gap-default\">\n\t\t\t\t\t<div class=\"elementor-column elementor-col-50 elementor-top-column elementor-element elementor-element-8c6bab3\" data-id=\"8c6bab3\" data-element_type=\"column\" data-settings=\"{&quot;background_background&quot;:&quot;classic&quot;}\">\n\t\t\t<div class=\"elementor-widget-wrap elementor-element-populated\">\n\t\t\t\t\t\t<div class=\"elementor-element elementor-element-b94cac6 elementor-widget elementor-widget-spacer\" data-id=\"b94cac6\" data-element_type=\"widget\" data-widget_type=\"spacer.default\">\n\t\t\t\t<div class=\"elementor-widget-container\">\n\t\t\t\t\t\t\t<div class=\"elementor-spacer\">\n\t\t\t<div class=\"elementor-spacer-inner\"><\/div>\n\t\t<\/div>\n\t\t\t\t\t\t<\/div>\n\t\t\t\t<\/div>\n\t\t\t\t\t<\/div>\n\t\t<\/div>\n\t\t\t\t<div class=\"elementor-column elementor-col-50 elementor-top-column elementor-element elementor-element-9b2d4d2\" data-id=\"9b2d4d2\" data-element_type=\"column\">\n\t\t\t<div class=\"elementor-widget-wrap elementor-element-populated\">\n\t\t\t\t\t\t<div class=\"elementor-element elementor-element-13456a7 elementor-widget elementor-widget-heading\" data-id=\"13456a7\" data-element_type=\"widget\" data-widget_type=\"heading.default\">\n\t\t\t\t<div class=\"elementor-widget-container\">\n\t\t\t\t\t<h2 class=\"elementor-heading-title elementor-size-default\">A Casa Mademoiselle Voss <\/h2>\t\t\t\t<\/div>\n\t\t\t\t<\/div>\n\t\t\t\t<div class=\"elementor-element elementor-element-1f008c3 elementor-widget elementor-widget-text-editor\" data-id=\"1f008c3\" data-element_type=\"widget\" data-widget_type=\"text-editor.default\">\n\t\t\t\t<div class=\"elementor-widget-container\">\n\t\t\t\t\t\t\t\t\t<p>A Mademoiselle Voss nasce do amor de sua fundadora pela indument\u00e1ria \u00edntima feminina: esta especialidade da moda dedicada a proteger as partes sens\u00edveis do corpo e tamb\u00e9m a orn\u00e1-las. Sob a luz deste forte sentimento e comprometida a oferecer produtos capazes de aumentar a auto estima, a casa Mademoiselle Voss inicia o seu funcionamento em um ateli\u00ea pr\u00f3ximo ao mar de Macei\u00f3, no cora\u00e7\u00e3o do Para\u00edso das \u00e1guas.<\/p><p>Neste espa\u00e7o agraciado pela brisa do oceano, s\u00e3o desenvolvidas todas as partes das pe\u00e7as de roupa \u00edntima da marca atrav\u00e9s de trabalho \u00e9tico, empregando materiais de primeira qualidade, a expertise adquirida durante anos de dedica\u00e7\u00e3o \u00e0s t\u00e9cnicas do desenho e o conhecimento dos processos europeus de confec\u00e7\u00e3o de roupa \u00edntima repaginados para produtos com alma brasileira.<\/p><p>Desde seu primeiro desfile em Cannes at\u00e9 a abertura do ateli\u00ea em Alagoas, a Mademoiselle Voss esteve voltada a unir o melhor de dois mundos em suas cria\u00e7\u00f5es, al\u00e9m de aproximar design e arte. \u00c9 movida por este grande amor e compromisso que a marca volta-se agora ao futuro, esperando trazer sempre o melhor para sua clientela.<\/p>\t\t\t\t\t\t\t\t<\/div>\n\t\t\t\t<\/div>\n\t\t\t\t\t<\/div>\n\t\t<\/div>\n\t\t\t\t\t<\/div>\n\t\t<\/section>\n\t\t\t\t<\/div>","protected":false},"excerpt":{"rendered":"<p>A Casa Mademoiselle Voss A Mademoiselle Voss nasce do amor de sua fundadora pela indument\u00e1ria \u00edntima feminina: esta especialidade da moda dedicada a proteger as partes sens\u00edveis do corpo e tamb\u00e9m a orn\u00e1-las. Sob a luz deste forte sentimento e comprometida a oferecer produtos capazes de aumentar a auto estima, a casa Mademoiselle Voss inicia [&hellip;]<\/p>","protected":false},"author":1,"featured_media":0,"parent":0,"menu_order":0,"comment_status":"closed","ping_status":"closed","template":"elementor_header_footer","meta":{"ocean_post_layout":"","ocean_both_sidebars_style":"","ocean_both_sidebars_content_width":0,"ocean_both_sidebars_sidebars_width":0,"ocean_sidebar":"0","ocean_second_sidebar":"0","ocean_disable_margins":"enable","ocean_add_body_class":"","ocean_shortcode_before_top_bar":"","ocean_shortcode_after_top_bar":"","ocean_shortcode_before_header":"","ocean_shortcode_after_header":"","ocean_has_shortcode":"","ocean_shortcode_after_title":"","ocean_shortcode_before_footer_widgets":"","ocean_shortcode_after_footer_widgets":"","ocean_shortcode_before_footer_bottom":"","ocean_shortcode_after_footer_bottom":"","ocean_display_top_bar":"default","ocean_display_header":"default","ocean_header_style":"","ocean_center_header_left_menu":"0","ocean_custom_header_template":"0","ocean_custom_logo":0,"ocean_custom_retina_logo":0,"ocean_custom_logo_max_width":0,"ocean_custom_logo_tablet_max_width":0,"ocean_custom_logo_mobile_max_width":0,"ocean_custom_logo_max_height":0,"ocean_custom_logo_tablet_max_height":0,"ocean_custom_logo_mobile_max_height":0,"ocean_header_custom_menu":"0","ocean_menu_typo_font_family":"0","ocean_menu_typo_font_subset":"","ocean_menu_typo_font_size":0,"ocean_menu_typo_font_size_tablet":0,"ocean_menu_typo_font_size_mobile":0,"ocean_menu_typo_font_size_unit":"px","ocean_menu_typo_font_weight":"","ocean_menu_typo_font_weight_tablet":"","ocean_menu_typo_font_weight_mobile":"","ocean_menu_typo_transform":"","ocean_menu_typo_transform_tablet":"","ocean_menu_typo_transform_mobile":"","ocean_menu_typo_line_height":0,"ocean_menu_typo_line_height_tablet":0,"ocean_menu_typo_line_height_mobile":0,"ocean_menu_typo_line_height_unit":"","ocean_menu_typo_spacing":0,"ocean_menu_typo_spacing_tablet":0,"ocean_menu_typo_spacing_mobile":0,"ocean_menu_typo_spacing_unit":"","ocean_menu_link_color":"","ocean_menu_link_color_hover":"","ocean_menu_link_color_active":"","ocean_menu_link_background":"","ocean_menu_link_hover_background":"","ocean_menu_link_active_background":"","ocean_menu_social_links_bg":"","ocean_menu_social_hover_links_bg":"","ocean_menu_social_links_color":"","ocean_menu_social_hover_links_color":"","ocean_disable_title":"default","ocean_disable_heading":"default","ocean_post_title":"","ocean_post_subheading":"","ocean_post_title_style":"","ocean_post_title_background_color":"","ocean_post_title_background":0,"ocean_post_title_bg_image_position":"","ocean_post_title_bg_image_attachment":"","ocean_post_title_bg_image_repeat":"","ocean_post_title_bg_image_size":"","ocean_post_title_height":0,"ocean_post_title_bg_overlay":0.5,"ocean_post_title_bg_overlay_color":"","ocean_disable_breadcrumbs":"default","ocean_breadcrumbs_color":"","ocean_breadcrumbs_separator_color":"","ocean_breadcrumbs_links_color":"","ocean_breadcrumbs_links_hover_color":"","ocean_display_footer_widgets":"default","ocean_display_footer_bottom":"default","ocean_custom_footer_template":"0","footnotes":""},"class_list":["post-2007","page","type-page","status-publish","hentry","entry","owp-thumbs-layout-vertical","owp-btn-normal","owp-tabs-layout-vertical","has-no-thumbnails"],"_links":{"self":[{"href":"https:\/\/mademoisellevoss.com\/en\/wp-json\/wp\/v2\/pages\/2007","targetHints":{"allow":["GET"]}}],"collection":[{"href":"https:\/\/mademoisellevoss.com\/en\/wp-json\/wp\/v2\/pages"}],"about":[{"href":"https:\/\/mademoisellevoss.com\/en\/wp-json\/wp\/v2\/types\/page"}],"author":[{"embeddable":true,"href":"https:\/\/mademoisellevoss.com\/en\/wp-json\/wp\/v2\/users\/1"}],"replies":[{"embeddable":true,"href":"https:\/\/mademoisellevoss.com\/en\/wp-json\/wp\/v2\/comments?post=2007"}],"version-history":[{"count":38,"href":"https:\/\/mademoisellevoss.com\/en\/wp-json\/wp\/v2\/pages\/2007\/revisions"}],"predecessor-version":[{"id":2809,"href":"https:\/\/mademoisellevoss.com\/en\/wp-json\/wp\/v2\/pages\/2007\/revisions\/2809"}],"wp:attachment":[{"href":"https:\/\/mademoisellevoss.com\/en\/wp-json\/wp\/v2\/media?parent=2007"}],"curies":[{"name":"wp","href":"https:\/\/api.w.org\/{rel}","templated":true}]}}