{"id":1977,"date":"2022-03-18T16:13:58","date_gmt":"2022-03-18T19:13:58","guid":{"rendered":"https:\/\/mademoisellevoss.com\/?page_id=1977"},"modified":"2024-12-16T15:25:00","modified_gmt":"2024-12-16T18:25:00","slug":"a-arte-e-o-saber-fazer","status":"publish","type":"page","link":"https:\/\/mademoisellevoss.com\/en\/a-arte-e-o-saber-fazer\/","title":{"rendered":"A arte e o saber-fazer"},"content":{"rendered":"<div data-elementor-type=\"wp-page\" data-elementor-id=\"1977\" class=\"elementor elementor-1977\" data-elementor-post-type=\"page\">\n\t\t\t\t\t\t<section class=\"elementor-section elementor-top-section elementor-element elementor-element-b659bda elementor-section-full_width elementor-section-height-default elementor-section-height-default\" data-id=\"b659bda\" data-element_type=\"section\" data-settings=\"{&quot;background_background&quot;:&quot;classic&quot;}\">\n\t\t\t\t\t\t<div class=\"elementor-container elementor-column-gap-default\">\n\t\t\t\t\t<div class=\"elementor-column elementor-col-100 elementor-top-column elementor-element elementor-element-48e1e04\" data-id=\"48e1e04\" data-element_type=\"column\">\n\t\t\t<div class=\"elementor-widget-wrap elementor-element-populated\">\n\t\t\t\t\t\t<div class=\"elementor-element elementor-element-5803535 elementor-widget elementor-widget-heading\" data-id=\"5803535\" data-element_type=\"widget\" data-widget_type=\"heading.default\">\n\t\t\t\t<div class=\"elementor-widget-container\">\n\t\t\t\t\t<h2 class=\"elementor-heading-title elementor-size-default\">A arte e o saber fazer<\/h2>\t\t\t\t<\/div>\n\t\t\t\t<\/div>\n\t\t\t\t<div class=\"elementor-element elementor-element-5118321 elementor-widget elementor-widget-text-editor\" data-id=\"5118321\" data-element_type=\"widget\" data-widget_type=\"text-editor.default\">\n\t\t\t\t<div class=\"elementor-widget-container\">\n\t\t\t\t\t\t\t\t\t<p>Todas as obras Mademoiselle Voss nascem na folha de papel em branco, onde s\u00e3o aperfei\u00e7oadas durante o tempo necess\u00e1rio at\u00e9 o momento de seguirem para as etapas de produ\u00e7\u00e3o da cole\u00e7\u00e3o.<\/p><p>Todas as cria\u00e7\u00f5es Mademoiselle Voss s\u00e3o pensadas com cuidado aos detalhes, seus componentes originais s\u00e3o criados desde o principio pela mesma artista que desenvolve a cole\u00e7\u00e3o para garantir a sua fidelidade \u00e0 ess\u00eancia do projeto do in\u00edcio ao fim e seus componentes selecionados s\u00e3o adquiridos e personalizados diretamente com os melhores fornecedores de tecidos, linhas e el\u00e1sticos do mercado nacional a fim de garantir a exclusividade da marca.<\/p>\t\t\t\t\t\t\t\t<\/div>\n\t\t\t\t<\/div>\n\t\t\t\t\t<\/div>\n\t\t<\/div>\n\t\t\t\t\t<\/div>\n\t\t<\/section>\n\t\t\t\t<section class=\"elementor-section elementor-top-section elementor-element elementor-element-5262ba2 elementor-section-full_width elementor-section-height-default elementor-section-height-default\" data-id=\"5262ba2\" data-element_type=\"section\" data-settings=\"{&quot;background_background&quot;:&quot;classic&quot;}\">\n\t\t\t\t\t\t<div class=\"elementor-container elementor-column-gap-default\">\n\t\t\t\t\t<div class=\"elementor-column elementor-col-50 elementor-top-column elementor-element elementor-element-e1d5a85\" data-id=\"e1d5a85\" data-element_type=\"column\" data-settings=\"{&quot;background_background&quot;:&quot;classic&quot;}\">\n\t\t\t<div class=\"elementor-widget-wrap elementor-element-populated\">\n\t\t\t\t\t\t<div class=\"elementor-element elementor-element-2d19ae1 elementor-widget__width-auto elementor-widget elementor-widget-image\" data-id=\"2d19ae1\" data-element_type=\"widget\" data-widget_type=\"image.default\">\n\t\t\t\t<div class=\"elementor-widget-container\">\n\t\t\t\t\t\t\t\t\t\t\t\t\t\t\t<img fetchpriority=\"high\" decoding=\"async\" width=\"768\" height=\"1024\" src=\"https:\/\/mademoisellevoss.com\/wp-content\/uploads\/2022\/03\/flor2-768x1024.jpg\" class=\"attachment-large size-large wp-image-2346\" alt=\"\" srcset=\"https:\/\/mademoisellevoss.com\/wp-content\/uploads\/2022\/03\/flor2-768x1024.jpg 768w, https:\/\/mademoisellevoss.com\/wp-content\/uploads\/2022\/03\/flor2-225x300.jpg 225w, https:\/\/mademoisellevoss.com\/wp-content\/uploads\/2022\/03\/flor2-1152x1536.jpg 1152w, https:\/\/mademoisellevoss.com\/wp-content\/uploads\/2022\/03\/flor2-800x1067.jpg 800w, https:\/\/mademoisellevoss.com\/wp-content\/uploads\/2022\/03\/flor2-64x85.jpg 64w, https:\/\/mademoisellevoss.com\/wp-content\/uploads\/2022\/03\/flor2.jpg 1203w\" sizes=\"(max-width: 768px) 100vw, 768px\" \/>\t\t\t\t\t\t\t\t\t\t\t\t\t\t\t<\/div>\n\t\t\t\t<\/div>\n\t\t\t\t\t<\/div>\n\t\t<\/div>\n\t\t\t\t<div class=\"elementor-column elementor-col-50 elementor-top-column elementor-element elementor-element-524125e\" data-id=\"524125e\" data-element_type=\"column\" data-settings=\"{&quot;background_background&quot;:&quot;classic&quot;}\">\n\t\t\t<div class=\"elementor-widget-wrap elementor-element-populated\">\n\t\t\t\t\t\t<div class=\"elementor-element elementor-element-1088a95 elementor-drop-cap-yes elementor-drop-cap-view-default elementor-widget elementor-widget-text-editor\" data-id=\"1088a95\" data-element_type=\"widget\" data-settings=\"{&quot;drop_cap&quot;:&quot;yes&quot;}\" data-widget_type=\"text-editor.default\">\n\t\t\t\t<div class=\"elementor-widget-container\">\n\t\t\t\t\t\t\t\t\t<p>O desenvolvimento das estampas utilizadas na Mademoiselle Voss sempre passa pelo processo inicial de cria\u00e7\u00e3o manual, utilizando variadas t\u00e9cnicas de desenho e pintura sobre papel ou tela. Depois disto, as estampas s\u00e3o digitalizadas para viabilizar sua transfer\u00eancia para o tecido, buscando sempre manter intactos o aspecto e a riqueza dos tra\u00e7os feitos \u00e0 m\u00e3o. Para a cole\u00e7\u00e3o orquid\u00e1rio, as orqu\u00eddeas selecionadas foram pintadas em aquarela sobre papel.<\/p>\t\t\t\t\t\t\t\t<\/div>\n\t\t\t\t<\/div>\n\t\t\t\t\t<\/div>\n\t\t<\/div>\n\t\t\t\t\t<\/div>\n\t\t<\/section>\n\t\t\t\t<section class=\"elementor-section elementor-top-section elementor-element elementor-element-9c9cc2c elementor-section-height-min-height elementor-section-boxed elementor-section-height-default elementor-section-items-middle\" data-id=\"9c9cc2c\" data-element_type=\"section\" data-settings=\"{&quot;background_background&quot;:&quot;classic&quot;}\">\n\t\t\t\t\t\t<div class=\"elementor-container elementor-column-gap-default\">\n\t\t\t\t\t<div class=\"elementor-column elementor-col-100 elementor-top-column elementor-element elementor-element-a9cfe2d\" data-id=\"a9cfe2d\" data-element_type=\"column\">\n\t\t\t<div class=\"elementor-widget-wrap\">\n\t\t\t\t\t\t\t<\/div>\n\t\t<\/div>\n\t\t\t\t\t<\/div>\n\t\t<\/section>\n\t\t\t\t<section class=\"elementor-section elementor-top-section elementor-element elementor-element-a879f30 elementor-section-full_width elementor-section-height-default elementor-section-height-default\" data-id=\"a879f30\" data-element_type=\"section\" data-settings=\"{&quot;background_background&quot;:&quot;classic&quot;}\">\n\t\t\t\t\t\t<div class=\"elementor-container elementor-column-gap-default\">\n\t\t\t\t\t<div class=\"elementor-column elementor-col-50 elementor-top-column elementor-element elementor-element-d772390\" data-id=\"d772390\" data-element_type=\"column\" data-settings=\"{&quot;background_background&quot;:&quot;classic&quot;}\">\n\t\t\t<div class=\"elementor-widget-wrap elementor-element-populated\">\n\t\t\t\t\t\t<div class=\"elementor-element elementor-element-fbdec58 elementor-drop-cap-yes elementor-drop-cap-view-default elementor-widget elementor-widget-text-editor\" data-id=\"fbdec58\" data-element_type=\"widget\" data-settings=\"{&quot;drop_cap&quot;:&quot;yes&quot;}\" data-widget_type=\"text-editor.default\">\n\t\t\t\t<div class=\"elementor-widget-container\">\n\t\t\t\t\t\t\t\t\t<p>Ainda para a cole\u00e7\u00e3o Orquid\u00e1rio, Outros elementos originais foram desenvolvidos cuidadosamente, como \u00e9 o caso da renda guipir com motivo de orqu\u00eddeas Cattleya e Denphal intercaladas, confeccionada posteriormente <span style=\"font-family: Inter, sans-serif; font-size: 14px; font-style: normal; font-weight: 300; letter-spacing: -0.3px; color: var( --e-global-color-0423d60 ); background-color: var( --e-global-color-secondary );\">em parceria com empresa de destaque na produ\u00e7\u00e3o de bordados e rendas no mercado nacional<\/span><span style=\"font-size: 14px; color: var( --e-global-color-0423d60 ); letter-spacing: -0.3px; background-color: var( --e-global-color-secondary );\">.\u00a0<\/span><\/p><p>Quando todos os elementos est\u00e3o prontos para o uso nas cria\u00e7\u00f5es da marca, a modelagem \u00e9 confeccionada usando t\u00e9cnicas de modelagem plana e moulage e, ao t\u00e9rmino de todos os processos de costura, as pe\u00e7as finalizadas recebem a etiqueta bordada Mademoiselle Voss e a etiqueta de cetim com assinatura da designer e artista respons\u00e1vel pela marca.<\/p>\t\t\t\t\t\t\t\t<\/div>\n\t\t\t\t<\/div>\n\t\t\t\t\t<\/div>\n\t\t<\/div>\n\t\t\t\t<div class=\"elementor-column elementor-col-50 elementor-top-column elementor-element elementor-element-0f69e4b\" data-id=\"0f69e4b\" data-element_type=\"column\" data-settings=\"{&quot;background_background&quot;:&quot;classic&quot;}\">\n\t\t\t<div class=\"elementor-widget-wrap elementor-element-populated\">\n\t\t\t\t\t\t<div class=\"elementor-element elementor-element-5d14dff elementor-widget__width-auto elementor-widget elementor-widget-image\" data-id=\"5d14dff\" data-element_type=\"widget\" data-widget_type=\"image.default\">\n\t\t\t\t<div class=\"elementor-widget-container\">\n\t\t\t\t\t\t\t\t\t\t\t\t\t\t\t<img decoding=\"async\" width=\"768\" height=\"1024\" src=\"https:\/\/mademoisellevoss.com\/wp-content\/uploads\/2022\/03\/1-768x1024.jpg\" class=\"attachment-large size-large wp-image-2347\" alt=\"\" srcset=\"https:\/\/mademoisellevoss.com\/wp-content\/uploads\/2022\/03\/1-768x1024.jpg 768w, https:\/\/mademoisellevoss.com\/wp-content\/uploads\/2022\/03\/1-225x300.jpg 225w, https:\/\/mademoisellevoss.com\/wp-content\/uploads\/2022\/03\/1-1152x1536.jpg 1152w, https:\/\/mademoisellevoss.com\/wp-content\/uploads\/2022\/03\/1-1536x2048.jpg 1536w, https:\/\/mademoisellevoss.com\/wp-content\/uploads\/2022\/03\/1-800x1067.jpg 800w, https:\/\/mademoisellevoss.com\/wp-content\/uploads\/2022\/03\/1-64x85.jpg 64w, https:\/\/mademoisellevoss.com\/wp-content\/uploads\/2022\/03\/1-scaled.jpg 1920w\" sizes=\"(max-width: 768px) 100vw, 768px\" \/>\t\t\t\t\t\t\t\t\t\t\t\t\t\t\t<\/div>\n\t\t\t\t<\/div>\n\t\t\t\t\t<\/div>\n\t\t<\/div>\n\t\t\t\t\t<\/div>\n\t\t<\/section>\n\t\t\t\t<section class=\"elementor-section elementor-top-section elementor-element elementor-element-795b7b3 elementor-section-height-min-height elementor-section-boxed elementor-section-height-default elementor-section-items-middle\" data-id=\"795b7b3\" data-element_type=\"section\" data-settings=\"{&quot;background_background&quot;:&quot;classic&quot;}\">\n\t\t\t\t\t\t<div class=\"elementor-container elementor-column-gap-default\">\n\t\t\t\t\t<div class=\"elementor-column elementor-col-100 elementor-top-column elementor-element elementor-element-6cd394c\" data-id=\"6cd394c\" data-element_type=\"column\">\n\t\t\t<div class=\"elementor-widget-wrap\">\n\t\t\t\t\t\t\t<\/div>\n\t\t<\/div>\n\t\t\t\t\t<\/div>\n\t\t<\/section>\n\t\t\t\t<\/div>","protected":false},"excerpt":{"rendered":"<p>A arte e o saber fazer Todas as obras Mademoiselle Voss nascem na folha de papel em branco, onde s\u00e3o aperfei\u00e7oadas durante o tempo necess\u00e1rio at\u00e9 o momento de seguirem para as etapas de produ\u00e7\u00e3o da cole\u00e7\u00e3o. Todas as cria\u00e7\u00f5es Mademoiselle Voss s\u00e3o pensadas com cuidado aos detalhes, seus componentes originais s\u00e3o criados desde o [&hellip;]<\/p>","protected":false},"author":1,"featured_media":0,"parent":0,"menu_order":0,"comment_status":"closed","ping_status":"closed","template":"elementor_header_footer","meta":{"ocean_post_layout":"","ocean_both_sidebars_style":"","ocean_both_sidebars_content_width":0,"ocean_both_sidebars_sidebars_width":0,"ocean_sidebar":"0","ocean_second_sidebar":"0","ocean_disable_margins":"enable","ocean_add_body_class":"","ocean_shortcode_before_top_bar":"","ocean_shortcode_after_top_bar":"","ocean_shortcode_before_header":"","ocean_shortcode_after_header":"","ocean_has_shortcode":"","ocean_shortcode_after_title":"","ocean_shortcode_before_footer_widgets":"","ocean_shortcode_after_footer_widgets":"","ocean_shortcode_before_footer_bottom":"","ocean_shortcode_after_footer_bottom":"","ocean_display_top_bar":"default","ocean_display_header":"default","ocean_header_style":"","ocean_center_header_left_menu":"0","ocean_custom_header_template":"0","ocean_custom_logo":0,"ocean_custom_retina_logo":0,"ocean_custom_logo_max_width":0,"ocean_custom_logo_tablet_max_width":0,"ocean_custom_logo_mobile_max_width":0,"ocean_custom_logo_max_height":0,"ocean_custom_logo_tablet_max_height":0,"ocean_custom_logo_mobile_max_height":0,"ocean_header_custom_menu":"0","ocean_menu_typo_font_family":"0","ocean_menu_typo_font_subset":"","ocean_menu_typo_font_size":0,"ocean_menu_typo_font_size_tablet":0,"ocean_menu_typo_font_size_mobile":0,"ocean_menu_typo_font_size_unit":"px","ocean_menu_typo_font_weight":"","ocean_menu_typo_font_weight_tablet":"","ocean_menu_typo_font_weight_mobile":"","ocean_menu_typo_transform":"","ocean_menu_typo_transform_tablet":"","ocean_menu_typo_transform_mobile":"","ocean_menu_typo_line_height":0,"ocean_menu_typo_line_height_tablet":0,"ocean_menu_typo_line_height_mobile":0,"ocean_menu_typo_line_height_unit":"","ocean_menu_typo_spacing":0,"ocean_menu_typo_spacing_tablet":0,"ocean_menu_typo_spacing_mobile":0,"ocean_menu_typo_spacing_unit":"","ocean_menu_link_color":"","ocean_menu_link_color_hover":"","ocean_menu_link_color_active":"","ocean_menu_link_background":"","ocean_menu_link_hover_background":"","ocean_menu_link_active_background":"","ocean_menu_social_links_bg":"","ocean_menu_social_hover_links_bg":"","ocean_menu_social_links_color":"","ocean_menu_social_hover_links_color":"","ocean_disable_title":"default","ocean_disable_heading":"default","ocean_post_title":"","ocean_post_subheading":"","ocean_post_title_style":"","ocean_post_title_background_color":"","ocean_post_title_background":0,"ocean_post_title_bg_image_position":"","ocean_post_title_bg_image_attachment":"","ocean_post_title_bg_image_repeat":"","ocean_post_title_bg_image_size":"","ocean_post_title_height":0,"ocean_post_title_bg_overlay":0.5,"ocean_post_title_bg_overlay_color":"","ocean_disable_breadcrumbs":"default","ocean_breadcrumbs_color":"","ocean_breadcrumbs_separator_color":"","ocean_breadcrumbs_links_color":"","ocean_breadcrumbs_links_hover_color":"","ocean_display_footer_widgets":"default","ocean_display_footer_bottom":"default","ocean_custom_footer_template":"0","footnotes":""},"class_list":["post-1977","page","type-page","status-publish","hentry","entry","owp-thumbs-layout-vertical","owp-btn-normal","owp-tabs-layout-vertical","has-no-thumbnails"],"_links":{"self":[{"href":"https:\/\/mademoisellevoss.com\/en\/wp-json\/wp\/v2\/pages\/1977","targetHints":{"allow":["GET"]}}],"collection":[{"href":"https:\/\/mademoisellevoss.com\/en\/wp-json\/wp\/v2\/pages"}],"about":[{"href":"https:\/\/mademoisellevoss.com\/en\/wp-json\/wp\/v2\/types\/page"}],"author":[{"embeddable":true,"href":"https:\/\/mademoisellevoss.com\/en\/wp-json\/wp\/v2\/users\/1"}],"replies":[{"embeddable":true,"href":"https:\/\/mademoisellevoss.com\/en\/wp-json\/wp\/v2\/comments?post=1977"}],"version-history":[{"count":40,"href":"https:\/\/mademoisellevoss.com\/en\/wp-json\/wp\/v2\/pages\/1977\/revisions"}],"predecessor-version":[{"id":2816,"href":"https:\/\/mademoisellevoss.com\/en\/wp-json\/wp\/v2\/pages\/1977\/revisions\/2816"}],"wp:attachment":[{"href":"https:\/\/mademoisellevoss.com\/en\/wp-json\/wp\/v2\/media?parent=1977"}],"curies":[{"name":"wp","href":"https:\/\/api.w.org\/{rel}","templated":true}]}}